{"id":5139,"date":"2015-10-05T13:28:21","date_gmt":"2015-10-05T13:28:21","guid":{"rendered":"http:\/\/www.rigaiff.lv\/2015\/?page_id=5139"},"modified":"2015-10-15T14:36:10","modified_gmt":"2015-10-15T14:36:10","slug":"kartes-noteikumi","status":"publish","type":"page","link":"https:\/\/2015.rigaiff.lv\/lv\/kartes-noteikumi\/","title":{"rendered":"R\u012aGAS STARPTAUTISK\u0100 KINO FESTIV\u0100LA (RIGA IFF) KARTES SA\u0145EM\u0160ANAS UN LIETO\u0160ANAS NOSAC\u012aJUMI"},"content":{"rendered":"<p><\/p>\n<div>\n<p>FESTIV\u0100LA KARTE b\u016bs J\u016bsu caurlaide kino festiv\u0101l\u0101 un ar to iesp\u0113jams apmekl\u0113t j\u016bsu izv\u0113l\u0113tos seansus, ja sekosiet l\u012bdzi \u0161iem kartes nosac\u012bjumiem un ieteikumiem.<\/p>\n<div>\u2022 Lai sa\u0146emtu FESTIV\u0100LA KARTI ir j\u0101aizpilda anketa <a href=\"http:\/\/pass.rigaiff.lv\/\" target=\"_blank\">pass.rigaiff.lv<\/a> l\u012bdz 8.oktobrim, sniedzot sekojo\u0161u inform\u0101ciju: v\u0101rdu, uzv\u0101rdu, kontaktinform\u0101ciju, sejas foto, un bi\u013cetes Nr.<\/div>\n<div>\u2022 Bi\u013cetes numurs uz druk\u0101t\u0101s bi\u013cetes atrodas aug\u0161\u0113j\u0101 kreisaj\u0101 st\u016br\u012b zem \u201cBi\u013ce\u0161u Serviss\u201d logo, un uz I-Bi\u013cetes labaj\u0101 pus\u0113 aiz burtiem \u201cID\u201d un s\u0101kas ar cipariem \u201c112\u2026&#8221;<\/div>\n<div>\u2022 FESTIV\u0100LA KARTI var\u0113s sa\u0146emt RIGA IFF info centr\u0101 kinote\u0101tr\u012b SPLENDID PALACE, s\u0101kot ar 15.oktobri plkst. 12:00, l\u012bdzi \u0146emot personas apliecino\u0161u dokumentu un ieg\u0101d\u0101to bi\u013ceti. Aicin\u0101m iz\u0146emt karti pa dienu, lai nesask\u0101rtos ar st\u0101v\u0113\u0161anu rind\u0101 pirms vakaru seansiem.<\/div>\n<div>\u2022 Info centra darba laiks darbadien\u0101s 12:00 &#8211; 22:00, ned\u0113\u013cas nogal\u0113s 10:00 &#8211; 22:00.<\/div>\n<div>\u2022 Lai pieteiktos uz seansiem ko v\u0113laties apmekl\u0113t Jums j\u0101dodas uz Riga IFF info centru ne agr\u0101k k\u0101 dienu pirms izv\u0113l\u0113t\u0101 seansa, bet ne v\u0113l\u0101k k\u0101 stundu pirms konkr\u0113t\u0101 seansa. Iesak\u0101m to dar\u012bt p\u0113c iesp\u0113jas laic\u012bg\u0101k , lai nenon\u0101ktu situ\u0101cij\u0101, kur visas kar\u0161u \u012bpa\u0161niekiem rezerv\u0113t\u0101s vietas z\u0101l\u0113 jau ir aizpild\u012btas. Festiv\u0101la kar\u0161u \u012bpa\u0161niekiem ir rezerv\u0113ts ierobe\u017eots skaits vietu uz katru seansu, t\u0101p\u0113c Riga IFF negarant\u0113, ka bi\u013cetes vienm\u0113r b\u016bs pieejamas.<\/div>\n<div>\u2022 Info centr\u0101 var\u0113siet izv\u0113l\u0113ties v\u0113lamo seansu (vai seansus) un izv\u0113l\u0113ties vienu no pieejamaj\u0101m br\u012bvaj\u0101m s\u0113dviet\u0101m un sa\u0146emsiet izdruk\u0101tu seansa bi\u013ceti.<\/div>\n<div>\u2022 Pie ieejas z\u0101l\u0113 Jums l\u016bgs uzr\u0101d\u012bt seansa bi\u013ceti un festiv\u0101la karti, lai p\u0101rliecin\u0101tos, ka bi\u013ceti izmanto kartes \u012bpa\u0161nieks. Uz seansu ielaid\u012bs tikai uzr\u0101dot gan bi\u013ceti, gan karti!<\/div>\n<div>\u2022 Ja uz seansu neb\u016bs pieejamas br\u012bvas vietas, ir iesp\u0113ja iek\u013c\u016bt gaidot pie ieejas z\u0101l\u0113 pirms seansa s\u0101kuma, ja ir palikusi k\u0101da br\u012bva vieta. \u0160aj\u0101 gad\u012bjum\u0101 b\u016bs j\u0101uzr\u0101da tikai festiv\u0101la karte.<\/div>\n<div>\u2022 Karti nedr\u012bkst nodot lieto\u0161an\u0101 cit\u0101m person\u0101m.<\/div>\n<div>\u2022 Kartes nozaud\u0113\u0161anas gad\u012bjum\u0101 l\u016bdzu v\u0113rsties Riga IFF INFO centr\u0101.<\/div>\n<div>\u2022 Ar \u0161o karti var\u0113siet pieteikties apmekl\u0113t visus seansu, iz\u0146emot festiv\u0101la atkl\u0101\u0161anas un nosl\u0113guma seansus.<\/div>\n<\/div>\n<div><\/div>\n<div>Neskaidr\u012bbu gad\u012bjum\u0101 l\u016bdzu sazin\u0101ties ar <a href=\"mailto:%20accreditation.rigaiff@gmail.com \">accreditation.rigaiff@gmail.<wbr \/>com\u00a0<\/a><\/div>\n<p><\/p>","protected":false},"excerpt":{"rendered":"<p>FESTIV\u0100LA KARTE b\u016bs J\u016bsu caurlaide kino festiv\u0101l\u0101 un ar to iesp\u0113jams apmekl\u0113t j\u016bsu izv\u0113l\u0113tos seansus, ja sekosiet l\u012bdzi \u0161iem kartes nosac\u012bjumiem un ieteikumiem. \u2022 Lai sa\u0146emtu FESTIV\u0100LA KARTI ir j\u0101aizpilda anketa pass.rigaiff.lv l\u012bdz 8.oktobrim, sniedzot sekojo\u0161u inform\u0101ciju: v\u0101rdu, uzv\u0101rdu, kontaktinform\u0101ciju, sejas foto, un bi\u013cetes Nr. \u2022 Bi\u013cetes numurs uz druk\u0101t\u0101s bi\u013cetes atrodas aug\u0161\u0113j\u0101 kreisaj\u0101 st\u016br\u012b zem \u201cBi\u013ce\u0161u Serviss\u201d logo, un uz I-Bi\u013cetes labaj\u0101 pus\u0113 aiz burtiem \u201cID\u201d un s\u0101kas ar cipariem \u201c112\u2026&#8221; \u2022 FESTIV\u0100LA KARTI var\u0113s sa\u0146emt RIGA IFF info centr\u0101 kinote\u0101tr\u012b SPLENDID PALACE, s\u0101kot ar 15.oktobri plkst. 12:00, l\u012bdzi \u0146emot personas apliecino\u0161u dokumentu un ieg\u0101d\u0101to bi\u013ceti. Aicin\u0101m iz\u0146emt karti pa dienu, lai nesask\u0101rtos ar st\u0101v\u0113\u0161anu rind\u0101 pirms vakaru seansiem. \u2022 Info centra darba laiks darbadien\u0101s 12:00 &#8211; 22:00, ned\u0113\u013cas nogal\u0113s 10:00 &#8211; 22:00. \u2022 Lai pieteiktos uz seansiem ko v\u0113laties apmekl\u0113t Jums j\u0101dodas uz Riga IFF info centru ne agr\u0101k k\u0101 dienu pirms izv\u0113l\u0113t\u0101 seansa, bet ne v\u0113l\u0101k k\u0101 stundu pirms konkr\u0113t\u0101 seansa. Iesak\u0101m to dar\u012bt p\u0113c iesp\u0113jas laic\u012bg\u0101k , lai nenon\u0101ktu situ\u0101cij\u0101, kur visas kar\u0161u \u012bpa\u0161niekiem rezerv\u0113t\u0101s vietas z\u0101l\u0113 jau ir aizpild\u012btas. Festiv\u0101la kar\u0161u \u012bpa\u0161niekiem ir rezerv\u0113ts ierobe\u017eots skaits vietu uz katru seansu, t\u0101p\u0113c Riga IFF negarant\u0113, ka bi\u013cetes vienm\u0113r b\u016bs pieejamas. \u2022 Info centr\u0101 var\u0113siet izv\u0113l\u0113ties v\u0113lamo seansu (vai seansus) un izv\u0113l\u0113ties vienu no pieejamaj\u0101m br\u012bvaj\u0101m s\u0113dviet\u0101m un sa\u0146emsiet izdruk\u0101tu seansa bi\u013ceti. \u2022 Pie ieejas z\u0101l\u0113 Jums l\u016bgs uzr\u0101d\u012bt seansa bi\u013ceti un festiv\u0101la karti, lai p\u0101rliecin\u0101tos, ka bi\u013ceti izmanto kartes \u012bpa\u0161nieks. Uz seansu ielaid\u012bs tikai uzr\u0101dot gan bi\u013ceti, gan karti! \u2022 Ja uz seansu neb\u016bs pieejamas br\u012bvas vietas, ir iesp\u0113ja iek\u013c\u016bt gaidot pie ieejas z\u0101l\u0113 pirms seansa s\u0101kuma, ja ir palikusi k\u0101da br\u012bva vieta. \u0160aj\u0101 gad\u012bjum\u0101 b\u016bs j\u0101uzr\u0101da tikai festiv\u0101la karte. \u2022 Karti nedr\u012bkst nodot lieto\u0161an\u0101 cit\u0101m person\u0101m. \u2022 Kartes nozaud\u0113\u0161anas gad\u012bjum\u0101 l\u016bdzu v\u0113rsties Riga IFF INFO centr\u0101. \u2022 Ar \u0161o karti var\u0113siet pieteikties apmekl\u0113t visus seansu, iz\u0146emot festiv\u0101la atkl\u0101\u0161anas un nosl\u0113guma seansus. Neskaidr\u012bbu gad\u012bjum\u0101 l\u016bdzu sazin\u0101ties ar accreditation.rigaiff@gmail.com\u00a0<\/p>\n","protected":false},"author":1,"featured_media":0,"parent":0,"menu_order":0,"comment_status":"closed","ping_status":"closed","template":"kartlietnot.php","meta":{"footnotes":""},"_links":{"self":[{"href":"https:\/\/2015.rigaiff.lv\/lv\/wp-json\/wp\/v2\/pages\/5139"}],"collection":[{"href":"https:\/\/2015.rigaiff.lv\/lv\/wp-json\/wp\/v2\/pages"}],"about":[{"href":"https:\/\/2015.rigaiff.lv\/lv\/wp-json\/wp\/v2\/types\/page"}],"author":[{"embeddable":true,"href":"https:\/\/2015.rigaiff.lv\/lv\/wp-json\/wp\/v2\/users\/1"}],"replies":[{"embeddable":true,"href":"https:\/\/2015.rigaiff.lv\/lv\/wp-json\/wp\/v2\/comments?post=5139"}],"version-history":[{"count":7,"href":"https:\/\/2015.rigaiff.lv\/lv\/wp-json\/wp\/v2\/pages\/5139\/revisions"}],"predecessor-version":[{"id":5472,"href":"https:\/\/2015.rigaiff.lv\/lv\/wp-json\/wp\/v2\/pages\/5139\/revisions\/5472"}],"wp:attachment":[{"href":"https:\/\/2015.rigaiff.lv\/lv\/wp-json\/wp\/v2\/media?parent=5139"}],"curies":[{"name":"wp","href":"https:\/\/api.w.org\/{rel}","templated":true}]}}